{"id":23,"date":"2024-03-15T22:13:16","date_gmt":"2024-03-15T22:13:16","guid":{"rendered":"https:\/\/taniachildcare.com\/?page_id=23"},"modified":"2024-03-16T19:36:16","modified_gmt":"2024-03-16T19:36:16","slug":"23-2","status":"publish","type":"page","link":"https:\/\/taniachildcare.com\/","title":{"rendered":"Inicio"},"content":{"rendered":"<p>[et_pb_section fb_built=&#8221;1&#8243; admin_label=&#8221;Header&#8221; _builder_version=&#8221;4.23.2&#8243; _module_preset=&#8221;default&#8221; locked=&#8221;off&#8221; collapsed=&#8221;on&#8221; global_colors_info=&#8221;{}&#8221;][et_pb_row column_structure=&#8221;1_2,1_2&#8243; _builder_version=&#8221;4.23.2&#8243; _module_preset=&#8221;default&#8221; global_colors_info=&#8221;{}&#8221;][et_pb_column type=&#8221;1_2&#8243; _builder_version=&#8221;4.23.2&#8243; _module_preset=&#8221;default&#8221; global_colors_info=&#8221;{}&#8221;][et_pb_text _builder_version=&#8221;4.24.2&#8243; _module_preset=&#8221;12cfbd88-4c2b-419e-ae1e-d20fbc41cf13&#8243; header_4_text_color=&#8221;gcid-d15821fb-ca65-4f29-bfd5-ea044f046af4&#8243; global_colors_info=&#8221;{%22gcid-d15821fb-ca65-4f29-bfd5-ea044f046af4%22:%91%22header_4_text_color%22%93}&#8221;]<\/p>\n<h4>Afterschool Childcare<\/h4>\n<p>[\/et_pb_text][et_pb_text _builder_version=&#8221;4.24.2&#8243; _module_preset=&#8221;6147b6dc-a87d-486e-98bb-5d776aa8d1f1&#8243; header_text_color=&#8221;gcid-d15821fb-ca65-4f29-bfd5-ea044f046af4&#8243; custom_margin=&#8221;||10px||false|false&#8221; global_colors_info=&#8221;{%22gcid-d15821fb-ca65-4f29-bfd5-ea044f046af4%22:%91%22header_text_color%22%93}&#8221;]<\/p>\n<h1>Cuidado de ni\u00f1os<\/h1>\n<p>[\/et_pb_text][et_pb_text _builder_version=&#8221;4.24.2&#8243; _module_preset=&#8221;cacd8884-5a97-4438-a09f-eefa766b8a8f&#8221; text_text_color=&#8221;gcid-d15821fb-ca65-4f29-bfd5-ea044f046af4&#8243; global_colors_info=&#8221;{%22gcid-d15821fb-ca65-4f29-bfd5-ea044f046af4%22:%91%22text_text_color%22%93}&#8221;]<\/p>\n<p>En Tania Childcare encontrar\u00e1 un servicio profesional de cuidado de ni\u00f1os. Con m\u00e1s de 8 a\u00f1os de experiencia, le aseguramos un entorno seguro y enriquecedor, favoreciendo el desarrollo integral de sus peque\u00f1os.<\/p>\n<p>[\/et_pb_text][et_pb_button button_text=&#8221;Cont\u00e1ctenos&#8221; _builder_version=&#8221;4.24.2&#8243; _module_preset=&#8221;9c7179ab-1c13-481a-bae5-f997b46fd24f&#8221; hover_enabled=&#8221;0&#8243; global_colors_info=&#8221;{}&#8221; button_url=&#8221;#contact&#8221; sticky_enabled=&#8221;0&#8243;][\/et_pb_button][\/et_pb_column][et_pb_column type=&#8221;1_2&#8243; _builder_version=&#8221;4.23.2&#8243; _module_preset=&#8221;default&#8221; global_colors_info=&#8221;{}&#8221;][et_pb_image src=&#8221;https:\/\/taniachildcare.com\/wp-content\/uploads\/2024\/03\/art-therapist-mask-02-1.png&#8221; title_text=&#8221;Img1&#8243; _builder_version=&#8221;4.24.2&#8243; _module_preset=&#8221;default&#8221; background_image=&#8221;https:\/\/taniachildcare.com\/wp-content\/uploads\/2024\/03\/Img1.jpg&#8221; global_colors_info=&#8221;{}&#8221;][\/et_pb_image][\/et_pb_column][\/et_pb_row][\/et_pb_section][et_pb_section fb_built=&#8221;1&#8243; admin_label=&#8221;Services&#8221; _builder_version=&#8221;4.23.2&#8243; _module_preset=&#8221;default&#8221; background_color=&#8221;gcid-ae2718f9-596d-4e4c-a089-a3606cb7bdc2&#8243; collapsed=&#8221;on&#8221; global_colors_info=&#8221;{%22gcid-ae2718f9-596d-4e4c-a089-a3606cb7bdc2%22:%91%22background_color%22%93}&#8221;][et_pb_row column_structure=&#8221;1_3,1_3,1_3&#8243; custom_padding_last_edited=&#8221;on|tablet&#8221; _builder_version=&#8221;4.24.2&#8243; _module_preset=&#8221;default&#8221; custom_padding_tablet=&#8221;||0px||false|false&#8221; custom_padding_phone=&#8221;||0px||false|false&#8221; locked=&#8221;off&#8221; global_colors_info=&#8221;{}&#8221;][et_pb_column type=&#8221;1_3&#8243; _builder_version=&#8221;4.23.2&#8243; _module_preset=&#8221;default&#8221; global_colors_info=&#8221;{}&#8221;][et_pb_image src=&#8221;https:\/\/taniachildcare.com\/wp-content\/uploads\/2024\/03\/Art-Therapist-08-1.png&#8221; title_text=&#8221;Art-Therapist-08-1&#8243; _builder_version=&#8221;4.24.2&#8243; _module_preset=&#8221;default&#8221; max_width=&#8221;64px&#8221; max_height=&#8221;64px&#8221; global_colors_info=&#8221;{}&#8221;][\/et_pb_image][et_pb_text _builder_version=&#8221;4.23.2&#8243; _module_preset=&#8221;61d07dcd-31a4-4068-8c22-d05610368096&#8243; header_3_text_color=&#8221;gcid-d15821fb-ca65-4f29-bfd5-ea044f046af4&#8243; custom_margin=&#8221;||10px||false|false&#8221; global_colors_info=&#8221;{%22gcid-d15821fb-ca65-4f29-bfd5-ea044f046af4%22:%91%22header_3_text_color%22%93}&#8221;]<\/p>\n<h3>Tareas<\/h3>\n<h3>supervisadas<\/h3>\n<p>[\/et_pb_text][et_pb_text _builder_version=&#8221;4.23.2&#8243; _module_preset=&#8221;cacd8884-5a97-4438-a09f-eefa766b8a8f&#8221; text_text_color=&#8221;gcid-d15821fb-ca65-4f29-bfd5-ea044f046af4&#8243; global_colors_info=&#8221;{%22gcid-d15821fb-ca65-4f29-bfd5-ea044f046af4%22:%91%22text_text_color%22%93}&#8221;]<\/p>\n<p>Ofrecemos un entorno estructurado y profesional donde los ni\u00f1os pueden enfocarse en sus estudios y recibir apoyo adicional cuando sea necesario. Este enfoque promueve la responsabilidad, la gesti\u00f3n del tiempo y el desarrollo de habilidades de estudio efectivas.<\/p>\n<p>[\/et_pb_text][\/et_pb_column][et_pb_column type=&#8221;1_3&#8243; _builder_version=&#8221;4.23.2&#8243; _module_preset=&#8221;default&#8221; global_colors_info=&#8221;{}&#8221;][et_pb_image src=&#8221;https:\/\/taniachildcare.com\/wp-content\/uploads\/2024\/03\/Art-Therapist-07-1.png&#8221; title_text=&#8221;Art-Therapist-07-1&#8243; _builder_version=&#8221;4.24.2&#8243; _module_preset=&#8221;default&#8221; max_width=&#8221;64px&#8221; max_height=&#8221;64px&#8221; global_colors_info=&#8221;{}&#8221;][\/et_pb_image][et_pb_text _builder_version=&#8221;4.24.2&#8243; _module_preset=&#8221;61d07dcd-31a4-4068-8c22-d05610368096&#8243; header_3_text_color=&#8221;gcid-d15821fb-ca65-4f29-bfd5-ea044f046af4&#8243; custom_margin=&#8221;||10px||false|false&#8221; global_colors_info=&#8221;{%22gcid-d15821fb-ca65-4f29-bfd5-ea044f046af4%22:%91%22header_3_text_color%22%93}&#8221;]<\/p>\n<h3>Talleres<\/h3>\n<h3>creativos<\/h3>\n<p>[\/et_pb_text][et_pb_text _builder_version=&#8221;4.24.2&#8243; _module_preset=&#8221;cacd8884-5a97-4438-a09f-eefa766b8a8f&#8221; text_text_color=&#8221;gcid-d15821fb-ca65-4f29-bfd5-ea044f046af4&#8243; locked=&#8221;off&#8221; global_colors_info=&#8221;{%22gcid-d15821fb-ca65-4f29-bfd5-ea044f046af4%22:%91%22text_text_color%22%93}&#8221;]<\/p>\n<p>Nuestros talleres creativos para ni\u00f1os est\u00e1n dise\u00f1ados para fomentar la imaginaci\u00f3n y la expresi\u00f3n art\u00edstica. A trav\u00e9s de actividades l\u00fadicas y educativas, los ni\u00f1os pueden explorar diferentes medios y t\u00e9cnicas art\u00edsticas, desarrollando as\u00ed sus habilidades creativas y su confianza en s\u00ed mismos.<\/p>\n<p>[\/et_pb_text][\/et_pb_column][et_pb_column type=&#8221;1_3&#8243; _builder_version=&#8221;4.23.2&#8243; _module_preset=&#8221;default&#8221; global_colors_info=&#8221;{}&#8221;][et_pb_image src=&#8221;https:\/\/taniachildcare.com\/wp-content\/uploads\/2024\/03\/Art-Therapist-06-1.png&#8221; title_text=&#8221;Art-Therapist-06-1&#8243; _builder_version=&#8221;4.24.2&#8243; _module_preset=&#8221;default&#8221; max_width=&#8221;64px&#8221; max_height=&#8221;64px&#8221; global_colors_info=&#8221;{}&#8221;][\/et_pb_image][et_pb_text _builder_version=&#8221;4.23.2&#8243; _module_preset=&#8221;61d07dcd-31a4-4068-8c22-d05610368096&#8243; header_3_text_color=&#8221;gcid-d15821fb-ca65-4f29-bfd5-ea044f046af4&#8243; custom_margin=&#8221;||10px||false|false&#8221; global_colors_info=&#8221;{%22gcid-d15821fb-ca65-4f29-bfd5-ea044f046af4%22:%91%22header_3_text_color%22%93}&#8221;]<\/p>\n<h3>Juegos<\/h3>\n<h3>educativos<\/h3>\n<p>[\/et_pb_text][et_pb_text _builder_version=&#8221;4.23.2&#8243; _module_preset=&#8221;cacd8884-5a97-4438-a09f-eefa766b8a8f&#8221; text_text_color=&#8221;gcid-d15821fb-ca65-4f29-bfd5-ea044f046af4&#8243; locked=&#8221;off&#8221; global_colors_info=&#8221;{%22gcid-d15821fb-ca65-4f29-bfd5-ea044f046af4%22:%91%22text_text_color%22%93}&#8221;]<\/p>\n<p>Los juegos educativos supervisados con ni\u00f1os fomentan el aprendizaje interactivo y la colaboraci\u00f3n, al tiempo que garantizan un entorno seguro y constructivo para el desarrollo de habilidades esenciales.<\/p>\n<p>[\/et_pb_text][\/et_pb_column][\/et_pb_row][\/et_pb_section][et_pb_section fb_built=&#8221;1&#8243; admin_label=&#8221;Approach&#8221; _builder_version=&#8221;4.24.2&#8243; _module_preset=&#8221;default&#8221; hover_enabled=&#8221;0&#8243; collapsed=&#8221;on&#8221; global_colors_info=&#8221;{}&#8221; module_id=&#8221;contact&#8221; sticky_enabled=&#8221;0&#8243;][et_pb_row column_structure=&#8221;1_2,1_2&#8243; _builder_version=&#8221;4.23.2&#8243; _module_preset=&#8221;default&#8221; global_colors_info=&#8221;{}&#8221;][et_pb_column type=&#8221;1_2&#8243; _builder_version=&#8221;4.23.2&#8243; _module_preset=&#8221;default&#8221; global_colors_info=&#8221;{}&#8221;][et_pb_image src=&#8221;https:\/\/taniachildcare.com\/wp-content\/uploads\/2024\/03\/Profile-1.jpg&#8221; title_text=&#8221;Profile 1&#8243; _builder_version=&#8221;4.24.2&#8243; _module_preset=&#8221;default&#8221; hover_enabled=&#8221;0&#8243; global_colors_info=&#8221;{}&#8221; border_radii=&#8221;on|50px|50px|50px|50px&#8221; sticky_enabled=&#8221;0&#8243; custom_margin=&#8221;|-21px|-3px|||&#8221;][\/et_pb_image][\/et_pb_column][et_pb_column type=&#8221;1_2&#8243; _builder_version=&#8221;4.23.2&#8243; _module_preset=&#8221;default&#8221; global_colors_info=&#8221;{}&#8221;][et_pb_text _builder_version=&#8221;4.23.2&#8243; _module_preset=&#8221;08e39fad-c322-4b19-8f8d-31ae9200c146&#8243; header_2_text_color=&#8221;gcid-d15821fb-ca65-4f29-bfd5-ea044f046af4&#8243; global_colors_info=&#8221;{%22gcid-d15821fb-ca65-4f29-bfd5-ea044f046af4%22:%91%22header_2_text_color%22%93}&#8221;]<\/p>\n<h2>Sobre mi<\/h2>\n<p>[\/et_pb_text][et_pb_text _builder_version=&#8221;4.24.2&#8243; _module_preset=&#8221;cacd8884-5a97-4438-a09f-eefa766b8a8f&#8221; text_text_color=&#8221;gcid-d15821fb-ca65-4f29-bfd5-ea044f046af4&#8243; global_colors_info=&#8221;{%22gcid-d15821fb-ca65-4f29-bfd5-ea044f046af4%22:%91%22text_text_color%22%93}&#8221;]<\/p>\n<p>\u00a1Hola! Mi nombre es Tania. Soy una profesional dedicada con m\u00e1s de 10 a\u00f1os de experiencia en el campo del cuidado infantil. Poseo t\u00edtulos como Proveedor de Cuidado Infantil y he completado cursos en Pr\u00e1cticas Apropiadas para Infantes y ni\u00f1os peque\u00f1os, as\u00ed como T\u00e9cnico de comportamiento registrado, lo que me permite ofrecer un servicio de alta calidad y atenci\u00f3n especializada para el desarrollo temprano.<\/p>\n<p>[\/et_pb_text][et_pb_social_media_follow _builder_version=&#8221;4.24.2&#8243; _module_preset=&#8221;default&#8221;][et_pb_social_media_follow_network social_network=&#8221;facebook&#8221; background_color=&#8221;#3b5998&#8243; _builder_version=&#8221;4.24.2&#8243; _module_preset=&#8221;default&#8221; follow_button=&#8221;off&#8221; url_new_window=&#8221;on&#8221; url=&#8221;https:\/\/www.facebook.com\/taniasupernanny&#8221; hover_enabled=&#8221;0&#8243; sticky_enabled=&#8221;0&#8243;]facebook[\/et_pb_social_media_follow_network][et_pb_social_media_follow_network social_network=&#8221;instagram&#8221; background_color=&#8221;#ea2c59&#8243; _builder_version=&#8221;4.24.2&#8243; _module_preset=&#8221;default&#8221; follow_button=&#8221;off&#8221; url_new_window=&#8221;on&#8221; url=&#8221;https:\/\/www.instagram.com\/_super_nanny_\/&#8221;]instagram[\/et_pb_social_media_follow_network][\/et_pb_social_media_follow][et_pb_text _builder_version=&#8221;4.24.2&#8243; _module_preset=&#8221;cacd8884-5a97-4438-a09f-eefa766b8a8f&#8221; text_text_color=&#8221;gcid-d15821fb-ca65-4f29-bfd5-ea044f046af4&#8243; hover_enabled=&#8221;0&#8243; global_colors_info=&#8221;{%22gcid-d15821fb-ca65-4f29-bfd5-ea044f046af4%22:%91%22text_text_color%22%93}&#8221; text_line_height=&#8221;1em&#8221; sticky_enabled=&#8221;0&#8243;]<\/p>\n<p><strong>Contacto<\/strong><\/p>\n<p>Tania Trujillo<\/p>\n<p>+1 (786) 612-0607\u00a0<\/p>\n<p>contacto@taniachildcare.com<\/p>\n<p>Weschester Miami Fl 33144.<\/p>\n<p>[\/et_pb_text][\/et_pb_column][\/et_pb_row][\/et_pb_section][et_pb_section fb_built=&#8221;1&#8243; admin_label=&#8221;Call to Action&#8221; _builder_version=&#8221;4.24.2&#8243; _module_preset=&#8221;default&#8221; background_color=&#8221;gcid-d15821fb-ca65-4f29-bfd5-ea044f046af4&#8243; use_background_color_gradient=&#8221;on&#8221; background_color_gradient_stops=&#8221;#ffffff 50%|gcid-d15821fb-ca65-4f29-bfd5-ea044f046af4 50%&#8221; overflow-x=&#8221;hidden&#8221; overflow-y=&#8221;hidden&#8221; saved_tabs=&#8221;all&#8221; collapsed=&#8221;on&#8221; global_colors_info=&#8221;{%22gcid-d15821fb-ca65-4f29-bfd5-ea044f046af4%22:%91%22background_color_gradient_stops%22,%22background_color%22%93}&#8221;][\/et_pb_section]<\/p>\n","protected":false},"excerpt":{"rendered":"<p>Afterschool ChildcareCuidado de ni\u00f1osEn Tania Childcare encontrar\u00e1 un servicio profesional de cuidado de ni\u00f1os. Con m\u00e1s de 8 a\u00f1os de experiencia, le aseguramos un entorno seguro y enriquecedor, favoreciendo el desarrollo integral de sus peque\u00f1os.Tareas supervisadasOfrecemos un entorno estructurado y profesional donde los ni\u00f1os pueden enfocarse en sus estudios y recibir apoyo adicional cuando sea [&hellip;]<\/p>\n","protected":false},"author":1,"featured_media":40,"parent":0,"menu_order":0,"comment_status":"closed","ping_status":"closed","template":"","meta":{"_et_pb_use_builder":"on","_et_pb_old_content":"","_et_gb_content_width":"","_monsterinsights_skip_tracking":false,"_monsterinsights_sitenote_active":false,"_monsterinsights_sitenote_note":"","_monsterinsights_sitenote_category":0,"footnotes":""},"aioseo_notices":[],"_links":{"self":[{"href":"https:\/\/taniachildcare.com\/index.php\/wp-json\/wp\/v2\/pages\/23"}],"collection":[{"href":"https:\/\/taniachildcare.com\/index.php\/wp-json\/wp\/v2\/pages"}],"about":[{"href":"https:\/\/taniachildcare.com\/index.php\/wp-json\/wp\/v2\/types\/page"}],"author":[{"embeddable":true,"href":"https:\/\/taniachildcare.com\/index.php\/wp-json\/wp\/v2\/users\/1"}],"replies":[{"embeddable":true,"href":"https:\/\/taniachildcare.com\/index.php\/wp-json\/wp\/v2\/comments?post=23"}],"version-history":[{"count":13,"href":"https:\/\/taniachildcare.com\/index.php\/wp-json\/wp\/v2\/pages\/23\/revisions"}],"predecessor-version":[{"id":72,"href":"https:\/\/taniachildcare.com\/index.php\/wp-json\/wp\/v2\/pages\/23\/revisions\/72"}],"wp:featuredmedia":[{"embeddable":true,"href":"https:\/\/taniachildcare.com\/index.php\/wp-json\/wp\/v2\/media\/40"}],"wp:attachment":[{"href":"https:\/\/taniachildcare.com\/index.php\/wp-json\/wp\/v2\/media?parent=23"}],"curies":[{"name":"wp","href":"https:\/\/api.w.org\/{rel}","templated":true}]}}